{"id":3,"date":"2023-02-08T11:38:09","date_gmt":"2023-02-08T11:38:09","guid":{"rendered":"https:\/\/amsterdamrentacarmadeira.com\/wp\/?page_id=3"},"modified":"2023-02-27T10:22:02","modified_gmt":"2023-02-27T10:22:02","slug":"termos-condicoes","status":"publish","type":"page","link":"https:\/\/amsterdamrentacarmadeira.com\/en\/termos-condicoes\/","title":{"rendered":"Termos e Condi\u00e7\u00f5es de aluguer"},"content":{"rendered":"<p>Termos e condi\u00e7\u00f5es de aluguer<\/p>\n\n\n\n<p>Amsterdam Rent a Car (de agora em diante designado por &#8220;Empresa\u201d) por meio deste<br>documento aluga ao Cliente que assinou ve\u00edculo descrito nos termos e condi\u00e7\u00f5es deste<br>documento em virtude do qual, o Cliente toma conhecimento e concorda.<\/p>\n\n\n\n<p>1) O Cliente recebeu o dito veiculo em perfeitas condi\u00e7\u00f5es de utiliza\u00e7\u00e3o.<\/p>\n\n\n\n<p>2) O dito veiculo s\u00f3 ser\u00e1 conduzido pelo Cliente e n\u00e3o ser\u00e1 utilizado:<\/p>\n\n\n\n<p>A) Para transporte de mercadoria com viola\u00e7\u00e3o dos regulamentos alfandeg\u00e1rio ou que de<br>qualquer modo ilegal;<\/p>\n\n\n\n<p>B)Para transporte de mercadoria ou passageiros \u00e0 troco de qualquer renumera\u00e7\u00e3o ou<br>compensa\u00e7\u00e3o impl\u00edcita ou explicita;<\/p>\n\n\n\n<p>C) Para empurrar ou puxar qualquer veiculo ou reboque;<br>D) Para provas desportivas;<\/p>\n\n\n\n<p>E) Por qualquer pessoa sob influ\u00eancia de \u00e1lcool ou narc\u00f3ticos.<\/p>\n\n\n\n<p>3) A idade m\u00ednima do conduto \u00e9 de 21 anos. Carta de condu\u00e7\u00e3o v\u00e1lida em Portugal com o<br>m\u00ednimo de 1 ano de experi\u00eancia.<\/p>\n\n\n\n<p>4) A viatura \u00e9 entregue com tri\u00e2ngulo de sinaliza\u00e7\u00e3o e conta-quil\u00f3metro selado, as ferramentas<\/p>\n\n\n\n<p>normais, uma roda sobressalente, cinco pneus marcado, livrete e t\u00edtulo registo de Propriedade,<br>Carta Verde de seguro e ficha de inspe\u00e7\u00e3o:<\/p>\n\n\n\n<p>A) A perda ou destrui\u00e7\u00e3o, total ou parcial da documenta\u00e7\u00e3o do veiculo, constituem ao Cliente<br>a obriga\u00e7\u00e3o de indemnizar a locadora em 150\u20ac, pelos preju\u00edzos inerentes, nomeadamente pelas<br>despesas decorrentes da emiss\u00e3o de segundas vias da documenta\u00e7\u00e3o e de despesas<br>administrativas por parte da locadora.<br>5) Os pre\u00e7os n\u00e3o incluem:<\/p>\n\n\n\n<p>Lavagem, multas e em caso de acidente reboque da viatura at\u00e9 \u00e0 esta\u00e7\u00e3o alugadora de origem:<br>As tarifas n\u00e3o incluem despesas de indemniza\u00e7\u00e3o por colis\u00e3o.<\/p>\n\n\n\n<p>Os combust\u00edveis s\u00e3o sempre por conta do Cliente que dever\u00e1, tamb\u00e9m, verificar sempre o n\u00edvel<br>de \u00f3leo, da \u00e1gua, bem como o n\u00edvel de \u00f3leo da caixa de velocidades. Quaisquer despesas com<\/p>\n\n\n\n<p>\u00f3leo deveram ser devidamente comprovadas, de forma a permitir o reembolso, previamente<br>analisadas pela Empresa.<\/p>\n\n\n\n<p>A manuten\u00e7\u00e3o normal de mec\u00e2nica decorrente da utiliza\u00e7\u00e3o normal \u00e9 por conta da Empresa.<\/p>\n\n\n\n<p>No caso do dito veiculo ficar imobilizado, as repara\u00e7\u00f5es s\u00f3 poder\u00e3o ser efetuadas com o acordo<br>pr\u00e9vio da Empresa e de acordo com as instru\u00e7\u00f5es dadas.<\/p>\n\n\n\n<p>6) Os pre\u00e7os incluem um seguro de responsabilidade civil limitado contra terceiros em<\/p>\n\n\n\n<p>conformidade com as leis vigentes no pa\u00eds, cuja c\u00f3pia poder\u00e1 ser examinada no escrit\u00f3rio da<br>Empresa.<\/p>\n\n\n\n<p>Poder\u00e1 o Cliente optar pelos seguros complementares CDW (Seguro com franquia), SCDW<br>(Seguro com isen\u00e7\u00e3o de franquia) e TP (Prote\u00e7\u00e3o contra furto). Caso o Cliente opte por um<br>destes seguros os termos, condi\u00e7\u00f5es e 3 exce\u00e7\u00f5es dos mesmos passam a ser parte integrante<br>do contacto. Todos os detalhes e informa\u00e7\u00f5es respeitantes aos seguros ser\u00e3o postos \u00e0<br>disposi\u00e7\u00e3o do Cliente pela Empresa. Mesmo no caso de o Cliente ter aceite a cobertura CDW e,<br>ou, SCDW todos os danos causados na viatura de aluguer decorrentes da m\u00e1 utiliza\u00e7\u00e3o da<br>mesma, ser\u00e3o por conta do Cliente. Esses seguros n\u00e3o ilibam o Cliente de pagamento dos<br>danos causados na parte superior e inferior do Veiculo desde que n\u00e3o haja colis\u00e3o. Em caso de<br>acidente por excesso de velocidade, condu\u00e7\u00e3o sob influ\u00eancia de \u00e1lcool ou narc\u00f3ticos, por<br>neglig\u00eancia, os seguros CDW ou SCDW ficam sem efeito, pagando o Cliente \u00e0 Empresa a<br>totalidade das despesas de repara\u00e7\u00e3o, o reboque da viatura at\u00e9 \u00e0 esta\u00e7\u00e3o de origem, bem como<br>uma indemniza\u00e7\u00e3o correspondente ao tempo de paralisa\u00e7\u00e3o da viatura acidentada.<br>7) O aluguer termina no dia fixado pelo Cliente. Se desejar prolongar o periodo de aluguer o<br>Cliente dever\u00e1 deslocar-se \u00e0 esta\u00e7\u00e3o da Empresa mais pr\u00f3xima para atualizar o seu contrato de<br>aluguer 24horas antes de este terminar. Em caso de n\u00e3o haver tal consentimento considera-se<br>que o ve\u00edculo passa a circular sem autoriza\u00e7\u00e3o e contra \u00e0 vontade do seu propriet\u00e1rio, sendo o<br>facto punido por lei, e da responsabilidade do condutor.<br>O Cliente ter\u00e1 de devolver o ve\u00edculo na esta\u00e7\u00e3o alugadora, salvo autoriza\u00e7\u00e3o expressa, e dentro<br>das horas de expediente.<br>8) O custo do aluguer, assim como os servi\u00e7os complementares que venha a adquirir, dever\u00e1 ser<br>pago no inicio do aluguer, e ser\u00e1 baseado nas tabelas de pre\u00e7o em vigor. Dever\u00e1 ser ainda<br>deixado um dep\u00f3sito reembols\u00e1vel referente ao valor da franquia do seguro, para cobrir<br>eventuais danos. O valor do dep\u00f3sito ir\u00e1 depender do grupo a que pertence \u00e0 viatura e tabelas<br>em vigor.<br>9) O Cliente concorda ainda em proteger os interesses do alugador e da companha de seguros<br>de aluguer, em caso de acidente durante o per\u00edodo de aluguer e da seguinte maneira:<br>A) Obtendo o nome e endere\u00e7o das pessoas envolvidas e de testemunhas;<br>B) N\u00e3o se declarando respons\u00e1vel ou culpado;<br>C) N\u00e3o abandonando o dito veiculo sem tomar \u00e0s medidas adequadas para proteger e<br>salvaguardar;<br>D) Avisando imediatamente \u00e0 pol\u00edcia.<br>10) Em caso de acidente, perda, dano ou furo, a ocorr\u00eancia dever\u00e1 ser imediatamente reportada<br>\u00e0s autoridades policiais competentes e Amsterdam Rent \u00e0 Car nas 24horas seguintes, o Cliente<br>obriga-se a preencher a declara\u00e7\u00e3o amig\u00e1vel de acidente com m\u00e1ximo de dados poss\u00edvel caso<br>contr\u00e1rio, as op\u00e7\u00f5es de seguro CDW, TP e SCDW ser\u00e3o considerados nulas e sem efeito.<br>O Cliente obriga-se a cooperar com Amsterdam Rent a Car e \u00e0 sua seguradora em qualquer<br>investiga\u00e7\u00e3o Ou processo judicial subsequente. <br>11) Quaisquer edi\u00e7\u00f5es ou altera\u00e7\u00f5es aos termos e condi\u00e7\u00f5es deste documento ser\u00e3o nulas a<br>n\u00e3o ser que tenham sido acordadas por escrito.<br>12) A Empresa n\u00e3o \u00e9 respons\u00e1vel por acidente que n\u00e3o sejam reportados \u00e0 policia. CDW e<br>SCDW n\u00e3o cobre danos caudados nos pneus, vidros e fechaduras, assim como acidentes<br>causados por excesso de velocidade, e ou causados sob efeito de \u00e1lcool ou drogas. <br>13) Em caso de viola\u00e7\u00e3o do presente contrato por parte do Cliente, os seus dados a recupera\u00e7\u00e3o<br>do preju\u00edzo inerentes ao incumprimento,<br>14) A Empresa n\u00e3o \u00e9 respons\u00e1vel perante o Cliente ou qualquer passageiro, pela perda ou por<br>danos materiais causados a bens pessoais transportados ou deixados no veiculo, quer durante<br>o per\u00edodo de aluguer, quer ap\u00f3s o aluguer.<br>15) Verificando-se indisponibilidade do veiculo previamente contratado ou objeto de reserva, O<br>locador assegura \u00e0 presta\u00e7\u00e3o de servi\u00e7o equivalente ou disponibiliza um veiculo de gama<br>superior, sem qualquer custo adicional para o locat\u00e1rio.<br>16) A informa\u00e7\u00e3o pr\u00e9-contratual relativa \u00e0s condi\u00e7\u00f5es gerais e particulares prestada a titulo de<br>reserva, considera-se integrada no conte\u00fado do contrato que venha \u00e0 ser celebrado, tendo-se<br>por n\u00e3o escritas as cl\u00e1usulas contratuais em contr\u00e1rio. |<br>Existindo incumprimento da reserva, \u00e9 devolvido, no prazo m\u00e1ximo de 30 dias, o montante<br>pago no momento da reserva, salvo se o incumprimento resultar de mativo n\u00e3o imput\u00e1vel ao<br>locador, isto sem preju\u00edzo da aplica\u00e7\u00e3o das regras gerais sobre responsabilidade civil.<br>17) \u00c9 assegurado, de forma gratuita, a presta\u00e7\u00e3o de um servi\u00e7o de assist\u00eancia dispon\u00edvel 24<br>horas por dia, para comunica\u00e7\u00e3o de situa\u00e7\u00f5es an\u00f3malas que se verifiquem durante a execu\u00e7\u00e3o<br>do contrato.<\/p>","protected":false},"excerpt":{"rendered":"<p>Termos e condi\u00e7\u00f5es de aluguer Amsterdam Rent a Car (de agora em diante designado por &#8220;Empresa\u201d) por meio destedocumento aluga ao Cliente que assinou ve\u00edculo descrito nos termos e condi\u00e7\u00f5es destedocumento em virtude do qual, o Cliente toma conhecimento e concorda. 1) O Cliente recebeu o dito veiculo em perfeitas condi\u00e7\u00f5es de utiliza\u00e7\u00e3o. 2) O [&hellip;]<\/p>\n","protected":false},"author":1,"featured_media":0,"parent":0,"menu_order":0,"comment_status":"closed","ping_status":"closed","template":"","meta":{"_acf_changed":false,"footnotes":""},"class_list":["post-3","page","type-page","status-publish","hentry"],"acf":[],"_links":{"self":[{"href":"https:\/\/amsterdamrentacarmadeira.com\/en\/wp-json\/wp\/v2\/pages\/3","targetHints":{"allow":["GET"]}}],"collection":[{"href":"https:\/\/amsterdamrentacarmadeira.com\/en\/wp-json\/wp\/v2\/pages"}],"about":[{"href":"https:\/\/amsterdamrentacarmadeira.com\/en\/wp-json\/wp\/v2\/types\/page"}],"author":[{"embeddable":true,"href":"https:\/\/amsterdamrentacarmadeira.com\/en\/wp-json\/wp\/v2\/users\/1"}],"replies":[{"embeddable":true,"href":"https:\/\/amsterdamrentacarmadeira.com\/en\/wp-json\/wp\/v2\/comments?post=3"}],"version-history":[{"count":2,"href":"https:\/\/amsterdamrentacarmadeira.com\/en\/wp-json\/wp\/v2\/pages\/3\/revisions"}],"predecessor-version":[{"id":2243,"href":"https:\/\/amsterdamrentacarmadeira.com\/en\/wp-json\/wp\/v2\/pages\/3\/revisions\/2243"}],"wp:attachment":[{"href":"https:\/\/amsterdamrentacarmadeira.com\/en\/wp-json\/wp\/v2\/media?parent=3"}],"curies":[{"name":"wp","href":"https:\/\/api.w.org\/{rel}","templated":true}]}}